{"id":29,"date":"2026-03-10T13:33:22","date_gmt":"2026-03-10T13:33:22","guid":{"rendered":"https:\/\/www.reainspired.fi\/?page_id=29"},"modified":"2026-03-16T09:29:42","modified_gmt":"2026-03-16T09:29:42","slug":"blogi","status":"publish","type":"page","link":"https:\/\/www.reainspired.fi\/index.php\/blogi\/","title":{"rendered":"Blogi"},"content":{"rendered":"\n<p>T\u00e4\u00e4lt\u00e4 l\u00f6yd\u00e4t blogini<\/p>\n\n\n\n<div class=\"wp-block-query is-layout-flow wp-block-query-is-layout-flow\"><ul class=\"wp-block-post-template is-layout-flow wp-block-post-template-is-layout-flow\"><li class=\"wp-block-post post-55 post type-post status-publish format-standard has-post-thumbnail hentry category-uncategorized\">\n\n<div class=\"wp-block-columns are-vertically-aligned-center is-layout-flex wp-container-core-columns-is-layout-28f84493 wp-block-columns-is-layout-flex\">\n<div class=\"wp-block-column is-vertically-aligned-center is-layout-flow wp-block-column-is-layout-flow\" style=\"flex-basis:25%\"><figure class=\"wp-block-post-featured-image\"><a href=\"https:\/\/www.reainspired.fi\/index.php\/2026\/03\/16\/adhd-ja-uni-kun-keho-ei-tottele-kelloa\/\" target=\"_self\"  ><img loading=\"lazy\" decoding=\"async\" width=\"1280\" height=\"851\" src=\"https:\/\/www.reainspired.fi\/wp-content\/uploads\/2026\/03\/pexels-fabtruji-62640.jpg\" class=\"attachment-post-thumbnail size-post-thumbnail wp-post-image\" alt=\"ADHD ja uni, kun keho ei tottele kelloa\" style=\"object-fit:cover;\" srcset=\"https:\/\/www.reainspired.fi\/wp-content\/uploads\/2026\/03\/pexels-fabtruji-62640.jpg 1280w, https:\/\/www.reainspired.fi\/wp-content\/uploads\/2026\/03\/pexels-fabtruji-62640-300x199.jpg 300w, https:\/\/www.reainspired.fi\/wp-content\/uploads\/2026\/03\/pexels-fabtruji-62640-1024x681.jpg 1024w, https:\/\/www.reainspired.fi\/wp-content\/uploads\/2026\/03\/pexels-fabtruji-62640-768x511.jpg 768w\" sizes=\"auto, (max-width: 1280px) 100vw, 1280px\" \/><\/a><\/figure><\/div>\n\n\n\n<div class=\"wp-block-column is-vertically-aligned-center is-layout-flow wp-block-column-is-layout-flow\" style=\"flex-basis:75%\"><h2 class=\"wp-block-post-title\"><a href=\"https:\/\/www.reainspired.fi\/index.php\/2026\/03\/16\/adhd-ja-uni-kun-keho-ei-tottele-kelloa\/\" target=\"_self\" >ADHD ja uni, kun keho ei tottele kelloa<\/a><\/h2><\/div>\n<\/div>\n\n<\/li><li class=\"wp-block-post post-1 post type-post status-publish format-standard has-post-thumbnail hentry category-uncategorized\">\n\n<div class=\"wp-block-columns are-vertically-aligned-center is-layout-flex wp-container-core-columns-is-layout-28f84493 wp-block-columns-is-layout-flex\">\n<div class=\"wp-block-column is-vertically-aligned-center is-layout-flow wp-block-column-is-layout-flow\" style=\"flex-basis:25%\"><figure class=\"wp-block-post-featured-image\"><a href=\"https:\/\/www.reainspired.fi\/index.php\/2026\/02\/16\/hello-world\/\" target=\"_self\"  ><img loading=\"lazy\" decoding=\"async\" width=\"1280\" height=\"853\" src=\"https:\/\/www.reainspired.fi\/wp-content\/uploads\/2026\/02\/pexels-tara-winstead-8378734.jpg\" class=\"attachment-post-thumbnail size-post-thumbnail wp-post-image\" alt=\"Miksi ADHD uuvuttaa, vaikka et tekisi mit\u00e4\u00e4n?\" style=\"object-fit:cover;\" srcset=\"https:\/\/www.reainspired.fi\/wp-content\/uploads\/2026\/02\/pexels-tara-winstead-8378734.jpg 1280w, https:\/\/www.reainspired.fi\/wp-content\/uploads\/2026\/02\/pexels-tara-winstead-8378734-300x200.jpg 300w, https:\/\/www.reainspired.fi\/wp-content\/uploads\/2026\/02\/pexels-tara-winstead-8378734-1024x682.jpg 1024w, https:\/\/www.reainspired.fi\/wp-content\/uploads\/2026\/02\/pexels-tara-winstead-8378734-768x512.jpg 768w\" sizes=\"auto, (max-width: 1280px) 100vw, 1280px\" \/><\/a><\/figure><\/div>\n\n\n\n<div class=\"wp-block-column is-vertically-aligned-center is-layout-flow wp-block-column-is-layout-flow\" style=\"flex-basis:75%\"><h2 class=\"wp-block-post-title\"><a href=\"https:\/\/www.reainspired.fi\/index.php\/2026\/02\/16\/hello-world\/\" target=\"_self\" >Miksi ADHD uuvuttaa, vaikka et tekisi mit\u00e4\u00e4n?<\/a><\/h2><\/div>\n<\/div>\n\n<\/li><\/ul><\/div>\n\n\n\n<p><\/p>\n","protected":false},"excerpt":{"rendered":"<p>T\u00e4\u00e4lt\u00e4 l\u00f6yd\u00e4t blogini<\/p>\n","protected":false},"author":1,"featured_media":0,"parent":0,"menu_order":0,"comment_status":"closed","ping_status":"closed","template":"","meta":{"footnotes":""},"class_list":["post-29","page","type-page","status-publish","hentry"],"_links":{"self":[{"href":"https:\/\/www.reainspired.fi\/index.php\/wp-json\/wp\/v2\/pages\/29","targetHints":{"allow":["GET"]}}],"collection":[{"href":"https:\/\/www.reainspired.fi\/index.php\/wp-json\/wp\/v2\/pages"}],"about":[{"href":"https:\/\/www.reainspired.fi\/index.php\/wp-json\/wp\/v2\/types\/page"}],"author":[{"embeddable":true,"href":"https:\/\/www.reainspired.fi\/index.php\/wp-json\/wp\/v2\/users\/1"}],"replies":[{"embeddable":true,"href":"https:\/\/www.reainspired.fi\/index.php\/wp-json\/wp\/v2\/comments?post=29"}],"version-history":[{"count":3,"href":"https:\/\/www.reainspired.fi\/index.php\/wp-json\/wp\/v2\/pages\/29\/revisions"}],"predecessor-version":[{"id":54,"href":"https:\/\/www.reainspired.fi\/index.php\/wp-json\/wp\/v2\/pages\/29\/revisions\/54"}],"wp:attachment":[{"href":"https:\/\/www.reainspired.fi\/index.php\/wp-json\/wp\/v2\/media?parent=29"}],"curies":[{"name":"wp","href":"https:\/\/api.w.org\/{rel}","templated":true}]}}